{"id":56,"date":"2021-02-19T11:01:31","date_gmt":"2021-02-19T14:01:31","guid":{"rendered":"https:\/\/sites.hostgrano.com.br\/rodrigoguerra\/?page_id=56"},"modified":"2023-05-26T06:28:20","modified_gmt":"2023-05-26T09:28:20","slug":"home","status":"publish","type":"page","link":"https:\/\/sites.hostgrano.com.br\/rodrigoguerra\/home\/","title":{"rendered":"Unbox Project &#8211; Desencaixotando o pensamento cr\u00edtico que deve(ria) anteceder a inova\u00e7\u00e3o"},"content":{"rendered":"","protected":false},"excerpt":{"rendered":"","protected":false},"author":1025,"featured_media":300,"parent":0,"menu_order":0,"comment_status":"closed","ping_status":"closed","template":"","meta":[],"acf":[],"yoast_head":"<!-- This site is optimized with the Yoast SEO plugin v21.1 - https:\/\/yoast.com\/wordpress\/plugins\/seo\/ -->\n<title>Unbox Project - Desencaixotando o pensamento cr\u00edtico que deve(ria) anteceder a inova\u00e7\u00e3o<\/title>\n<meta name=\"description\" content=\"Desencaixotando o pensamento cr\u00edtico que deve(ria) anteceder a inova\u00e7\u00e3o\" \/>\n<meta name=\"robots\" content=\"index, follow, max-snippet:-1, max-image-preview:large, max-video-preview:-1\" \/>\n<link rel=\"canonical\" href=\"https:\/\/sites.hostgrano.com.br\/rodrigoguerra\/home\/\" \/>\n<meta property=\"og:locale\" content=\"pt_BR\" \/>\n<meta property=\"og:type\" content=\"article\" \/>\n<meta property=\"og:title\" content=\"Unbox Project - Desencaixotando o pensamento cr\u00edtico que deve(ria) anteceder a inova\u00e7\u00e3o\" \/>\n<meta property=\"og:description\" content=\"Desencaixotando o pensamento cr\u00edtico que deve(ria) anteceder a inova\u00e7\u00e3o\" \/>\n<meta property=\"og:url\" content=\"https:\/\/sites.hostgrano.com.br\/rodrigoguerra\/home\/\" \/>\n<meta property=\"og:site_name\" content=\"Unbox Project\" \/>\n<meta property=\"article:modified_time\" content=\"2023-05-26T09:28:20+00:00\" \/>\n<meta property=\"og:image\" content=\"https:\/\/sites.hostgrano.com.br\/rodrigoguerra\/wp-content\/uploads\/sites\/5\/2021\/09\/aziz-acharki-PUvPZckRnOg-unsplash-1.jpg\" \/>\n\t<meta property=\"og:image:width\" content=\"600\" \/>\n\t<meta property=\"og:image:height\" content=\"406\" \/>\n\t<meta property=\"og:image:type\" content=\"image\/jpeg\" \/>\n<meta name=\"twitter:card\" content=\"summary_large_image\" \/>\n<script type=\"application\/ld+json\" class=\"yoast-schema-graph\">{\"@context\":\"https:\/\/schema.org\",\"@graph\":[{\"@type\":\"WebPage\",\"@id\":\"https:\/\/sites.hostgrano.com.br\/rodrigoguerra\/home\/\",\"url\":\"https:\/\/sites.hostgrano.com.br\/rodrigoguerra\/home\/\",\"name\":\"Unbox Project - Desencaixotando o pensamento cr\u00edtico que deve(ria) anteceder a inova\u00e7\u00e3o\",\"isPartOf\":{\"@id\":\"https:\/\/sites.hostgrano.com.br\/rodrigoguerra\/#website\"},\"datePublished\":\"2021-02-19T14:01:31+00:00\",\"dateModified\":\"2023-05-26T09:28:20+00:00\",\"description\":\"Desencaixotando o pensamento cr\u00edtico que deve(ria) anteceder a inova\u00e7\u00e3o\",\"breadcrumb\":{\"@id\":\"https:\/\/sites.hostgrano.com.br\/rodrigoguerra\/home\/#breadcrumb\"},\"inLanguage\":\"pt-BR\",\"potentialAction\":[{\"@type\":\"ReadAction\",\"target\":[\"https:\/\/sites.hostgrano.com.br\/rodrigoguerra\/home\/\"]}]},{\"@type\":\"BreadcrumbList\",\"@id\":\"https:\/\/sites.hostgrano.com.br\/rodrigoguerra\/home\/#breadcrumb\",\"itemListElement\":[{\"@type\":\"ListItem\",\"position\":1,\"name\":\"In\u00edcio\",\"item\":\"https:\/\/sites.hostgrano.com.br\/rodrigoguerra\/\"},{\"@type\":\"ListItem\",\"position\":2,\"name\":\"Unbox Project &#8211; Desencaixotando o pensamento cr\u00edtico que deve(ria) anteceder a inova\u00e7\u00e3o\"}]},{\"@type\":\"WebSite\",\"@id\":\"https:\/\/sites.hostgrano.com.br\/rodrigoguerra\/#website\",\"url\":\"https:\/\/sites.hostgrano.com.br\/rodrigoguerra\/\",\"name\":\"Unbox Project\",\"description\":\"Desencaixotando o pensamento cr\u00edtico que deve(ria) anteceder a inova\u00e7\u00e3o\",\"potentialAction\":[{\"@type\":\"SearchAction\",\"target\":{\"@type\":\"EntryPoint\",\"urlTemplate\":\"https:\/\/sites.hostgrano.com.br\/rodrigoguerra\/?s={search_term_string}\"},\"query-input\":\"required name=search_term_string\"}],\"inLanguage\":\"pt-BR\"}]}<\/script>\n<!-- \/ Yoast SEO plugin. -->","yoast_head_json":{"title":"Unbox Project - Desencaixotando o pensamento cr\u00edtico que deve(ria) anteceder a inova\u00e7\u00e3o","description":"Desencaixotando o pensamento cr\u00edtico que deve(ria) anteceder a inova\u00e7\u00e3o","robots":{"index":"index","follow":"follow","max-snippet":"max-snippet:-1","max-image-preview":"max-image-preview:large","max-video-preview":"max-video-preview:-1"},"canonical":"https:\/\/sites.hostgrano.com.br\/rodrigoguerra\/home\/","og_locale":"pt_BR","og_type":"article","og_title":"Unbox Project - Desencaixotando o pensamento cr\u00edtico que deve(ria) anteceder a inova\u00e7\u00e3o","og_description":"Desencaixotando o pensamento cr\u00edtico que deve(ria) anteceder a inova\u00e7\u00e3o","og_url":"https:\/\/sites.hostgrano.com.br\/rodrigoguerra\/home\/","og_site_name":"Unbox Project","article_modified_time":"2023-05-26T09:28:20+00:00","og_image":[{"width":600,"height":406,"url":"https:\/\/sites.hostgrano.com.br\/rodrigoguerra\/wp-content\/uploads\/sites\/5\/2021\/09\/aziz-acharki-PUvPZckRnOg-unsplash-1.jpg","type":"image\/jpeg"}],"twitter_card":"summary_large_image","schema":{"@context":"https:\/\/schema.org","@graph":[{"@type":"WebPage","@id":"https:\/\/sites.hostgrano.com.br\/rodrigoguerra\/home\/","url":"https:\/\/sites.hostgrano.com.br\/rodrigoguerra\/home\/","name":"Unbox Project - Desencaixotando o pensamento cr\u00edtico que deve(ria) anteceder a inova\u00e7\u00e3o","isPartOf":{"@id":"https:\/\/sites.hostgrano.com.br\/rodrigoguerra\/#website"},"datePublished":"2021-02-19T14:01:31+00:00","dateModified":"2023-05-26T09:28:20+00:00","description":"Desencaixotando o pensamento cr\u00edtico que deve(ria) anteceder a inova\u00e7\u00e3o","breadcrumb":{"@id":"https:\/\/sites.hostgrano.com.br\/rodrigoguerra\/home\/#breadcrumb"},"inLanguage":"pt-BR","potentialAction":[{"@type":"ReadAction","target":["https:\/\/sites.hostgrano.com.br\/rodrigoguerra\/home\/"]}]},{"@type":"BreadcrumbList","@id":"https:\/\/sites.hostgrano.com.br\/rodrigoguerra\/home\/#breadcrumb","itemListElement":[{"@type":"ListItem","position":1,"name":"In\u00edcio","item":"https:\/\/sites.hostgrano.com.br\/rodrigoguerra\/"},{"@type":"ListItem","position":2,"name":"Unbox Project &#8211; Desencaixotando o pensamento cr\u00edtico que deve(ria) anteceder a inova\u00e7\u00e3o"}]},{"@type":"WebSite","@id":"https:\/\/sites.hostgrano.com.br\/rodrigoguerra\/#website","url":"https:\/\/sites.hostgrano.com.br\/rodrigoguerra\/","name":"Unbox Project","description":"Desencaixotando o pensamento cr\u00edtico que deve(ria) anteceder a inova\u00e7\u00e3o","potentialAction":[{"@type":"SearchAction","target":{"@type":"EntryPoint","urlTemplate":"https:\/\/sites.hostgrano.com.br\/rodrigoguerra\/?s={search_term_string}"},"query-input":"required name=search_term_string"}],"inLanguage":"pt-BR"}]}},"yoast_title":"Unbox Project - Desencaixotando o pensamento cr\u00edtico que deve(ria) anteceder a inova\u00e7\u00e3o","yoast_meta":[{"name":"description","content":"Desencaixotando o pensamento cr\u00edtico que deve(ria) anteceder a inova\u00e7\u00e3o"},{"name":"robots","content":"index, follow, max-snippet:-1, max-image-preview:large, max-video-preview:-1"},{"property":"og:locale","content":"pt_BR"},{"property":"og:type","content":"article"},{"property":"og:title","content":"Unbox Project - Desencaixotando o pensamento cr\u00edtico que deve(ria) anteceder a inova\u00e7\u00e3o"},{"property":"og:description","content":"Desencaixotando o pensamento cr\u00edtico que deve(ria) anteceder a inova\u00e7\u00e3o"},{"property":"og:url","content":"https:\/\/sites.hostgrano.com.br\/rodrigoguerra\/home\/"},{"property":"og:site_name","content":"Unbox Project"},{"property":"article:modified_time","content":"2023-05-26T09:28:20+00:00"},{"property":"og:image","content":"https:\/\/sites.hostgrano.com.br\/rodrigoguerra\/wp-content\/uploads\/sites\/5\/2021\/09\/aziz-acharki-PUvPZckRnOg-unsplash-1.jpg"},{"property":"og:image:width","content":"600"},{"property":"og:image:height","content":"406"},{"property":"og:image:type","content":"image\/jpeg"},{"name":"twitter:card","content":"summary_large_image"},{"name":"robots","content":"index, follow, max-image-preview:large, max-snippet:-1, max-video-preview:-1"}],"yoast_json_ld":[{"@context":"https:\/\/schema.org","@graph":[{"@type":"WebPage","@id":"https:\/\/sites.hostgrano.com.br\/rodrigoguerra\/home\/","url":"https:\/\/sites.hostgrano.com.br\/rodrigoguerra\/home\/","name":"Unbox Project - Desencaixotando o pensamento cr&iacute;tico que deve(ria) anteceder a inova&ccedil;&atilde;o","isPartOf":{"@id":"https:\/\/sites.hostgrano.com.br\/rodrigoguerra\/#website"},"datePublished":"2021-02-19T14:01:31+00:00","dateModified":"2023-05-26T09:28:20+00:00","description":"Desencaixotando o pensamento cr&iacute;tico que deve(ria) anteceder a inova&ccedil;&atilde;o","breadcrumb":{"@id":"https:\/\/sites.hostgrano.com.br\/rodrigoguerra\/home\/#breadcrumb"},"inLanguage":"pt-BR","potentialAction":[{"@type":"ReadAction","target":["https:\/\/sites.hostgrano.com.br\/rodrigoguerra\/home\/"]}]},{"@type":"BreadcrumbList","@id":"https:\/\/sites.hostgrano.com.br\/rodrigoguerra\/home\/#breadcrumb","itemListElement":[{"@type":"ListItem","position":1,"name":"In&iacute;cio","item":"https:\/\/sites.hostgrano.com.br\/rodrigoguerra\/"},{"@type":"ListItem","position":2,"name":"Unbox Project &#8211; Desencaixotando o pensamento cr&iacute;tico que deve(ria) anteceder a inova&ccedil;&atilde;o"}]},{"@type":"WebSite","@id":"https:\/\/sites.hostgrano.com.br\/rodrigoguerra\/#website","url":"https:\/\/sites.hostgrano.com.br\/rodrigoguerra\/","name":"Unbox Project","description":"Desencaixotando o pensamento cr&iacute;tico que deve(ria) anteceder a inova&ccedil;&atilde;o","potentialAction":[{"@type":"SearchAction","target":{"@type":"EntryPoint","urlTemplate":"https:\/\/sites.hostgrano.com.br\/rodrigoguerra\/?s={search_term_string}"},"query-input":"required name=search_term_string"}],"inLanguage":"pt-BR"}]}],"_links":{"self":[{"href":"https:\/\/sites.hostgrano.com.br\/rodrigoguerra\/wp-json\/wp\/v2\/pages\/56"}],"collection":[{"href":"https:\/\/sites.hostgrano.com.br\/rodrigoguerra\/wp-json\/wp\/v2\/pages"}],"about":[{"href":"https:\/\/sites.hostgrano.com.br\/rodrigoguerra\/wp-json\/wp\/v2\/types\/page"}],"author":[{"embeddable":true,"href":"https:\/\/sites.hostgrano.com.br\/rodrigoguerra\/wp-json\/wp\/v2\/users\/1025"}],"replies":[{"embeddable":true,"href":"https:\/\/sites.hostgrano.com.br\/rodrigoguerra\/wp-json\/wp\/v2\/comments?post=56"}],"version-history":[{"count":5,"href":"https:\/\/sites.hostgrano.com.br\/rodrigoguerra\/wp-json\/wp\/v2\/pages\/56\/revisions"}],"predecessor-version":[{"id":799,"href":"https:\/\/sites.hostgrano.com.br\/rodrigoguerra\/wp-json\/wp\/v2\/pages\/56\/revisions\/799"}],"wp:featuredmedia":[{"embeddable":true,"href":"https:\/\/sites.hostgrano.com.br\/rodrigoguerra\/wp-json\/wp\/v2\/media\/300"}],"wp:attachment":[{"href":"https:\/\/sites.hostgrano.com.br\/rodrigoguerra\/wp-json\/wp\/v2\/media?parent=56"}],"curies":[{"name":"wp","href":"https:\/\/api.w.org\/{rel}","templated":true}]}}