{"id":51,"date":"2021-06-30T15:10:59","date_gmt":"2021-06-30T18:10:59","guid":{"rendered":"https:\/\/sites.hostgrano.com.br\/designingsaude\/?page_id=51"},"modified":"2021-06-30T15:21:23","modified_gmt":"2021-06-30T18:21:23","slug":"videos","status":"publish","type":"page","link":"https:\/\/sites.hostgrano.com.br\/designingsaude\/videos\/","title":{"rendered":"V\u00eddeos"},"content":{"rendered":"","protected":false},"excerpt":{"rendered":"","protected":false},"author":1025,"featured_media":0,"parent":0,"menu_order":0,"comment_status":"closed","ping_status":"closed","template":"","meta":[],"acf":{"links":[{"link":"https:\/\/www.youtube.com\/watch?v=sAdsMRK9mq8","video_id":"sAdsMRK9mq8","titulo":"Webinar Internacional: case Holanda"},{"link":"https:\/\/www.youtube.com\/watch?v=UX_-AZUdxM4","video_id":"UX_-AZUdxM4","titulo":"Webinar Internacional: case Espanha"},{"link":"https:\/\/www.youtube.com\/watch?v=WM1KAPIG00E","video_id":"WM1KAPIG00E","titulo":"Webinar Internacional: case americano"}]},"yoast_head":"<!-- This site is optimized with the Yoast SEO plugin v21.1 - https:\/\/yoast.com\/wordpress\/plugins\/seo\/ -->\n<title>V\u00eddeos - Designing Sa\u00fade<\/title>\n<meta name=\"robots\" content=\"index, follow, max-snippet:-1, max-image-preview:large, max-video-preview:-1\" \/>\n<link rel=\"canonical\" href=\"https:\/\/sites.hostgrano.com.br\/designingsaude\/videos\/\" \/>\n<meta property=\"og:locale\" content=\"pt_BR\" \/>\n<meta property=\"og:type\" content=\"article\" \/>\n<meta property=\"og:title\" content=\"V\u00eddeos - Designing Sa\u00fade\" \/>\n<meta property=\"og:url\" content=\"https:\/\/sites.hostgrano.com.br\/designingsaude\/videos\/\" \/>\n<meta property=\"og:site_name\" content=\"Designing Sa\u00fade\" \/>\n<meta property=\"article:publisher\" content=\"https:\/\/web.facebook.com\/designingsaude?_rdc=1&amp;amp%3bamp%3bamp%3bamp%3bamp%3bamp%3bamp%3bamp%3bamp%3b_rdr\" \/>\n<meta property=\"article:modified_time\" content=\"2021-06-30T18:21:23+00:00\" \/>\n<meta name=\"twitter:card\" content=\"summary_large_image\" \/>\n<script type=\"application\/ld+json\" class=\"yoast-schema-graph\">{\"@context\":\"https:\/\/schema.org\",\"@graph\":[{\"@type\":\"WebPage\",\"@id\":\"https:\/\/sites.hostgrano.com.br\/designingsaude\/videos\/\",\"url\":\"https:\/\/sites.hostgrano.com.br\/designingsaude\/videos\/\",\"name\":\"V\u00eddeos - Designing Sa\u00fade\",\"isPartOf\":{\"@id\":\"https:\/\/sites.hostgrano.com.br\/designingsaude\/#website\"},\"datePublished\":\"2021-06-30T18:10:59+00:00\",\"dateModified\":\"2021-06-30T18:21:23+00:00\",\"breadcrumb\":{\"@id\":\"https:\/\/sites.hostgrano.com.br\/designingsaude\/videos\/#breadcrumb\"},\"inLanguage\":\"pt-BR\",\"potentialAction\":[{\"@type\":\"ReadAction\",\"target\":[\"https:\/\/sites.hostgrano.com.br\/designingsaude\/videos\/\"]}]},{\"@type\":\"BreadcrumbList\",\"@id\":\"https:\/\/sites.hostgrano.com.br\/designingsaude\/videos\/#breadcrumb\",\"itemListElement\":[{\"@type\":\"ListItem\",\"position\":1,\"name\":\"In\u00edcio\",\"item\":\"https:\/\/sites.hostgrano.com.br\/designingsaude\/\"},{\"@type\":\"ListItem\",\"position\":2,\"name\":\"V\u00eddeos\"}]},{\"@type\":\"WebSite\",\"@id\":\"https:\/\/sites.hostgrano.com.br\/designingsaude\/#website\",\"url\":\"https:\/\/sites.hostgrano.com.br\/designingsaude\/\",\"name\":\"Designing Sa\u00fade\",\"description\":\"Solu\u00e7\u00f5es em consultoria e gest\u00e3o de Sa\u00fade\",\"publisher\":{\"@id\":\"https:\/\/sites.hostgrano.com.br\/designingsaude\/#organization\"},\"potentialAction\":[{\"@type\":\"SearchAction\",\"target\":{\"@type\":\"EntryPoint\",\"urlTemplate\":\"https:\/\/sites.hostgrano.com.br\/designingsaude\/?s={search_term_string}\"},\"query-input\":\"required name=search_term_string\"}],\"inLanguage\":\"pt-BR\"},{\"@type\":\"Organization\",\"@id\":\"https:\/\/sites.hostgrano.com.br\/designingsaude\/#organization\",\"name\":\"Designing Sa\u00fade\",\"url\":\"https:\/\/sites.hostgrano.com.br\/designingsaude\/\",\"logo\":{\"@type\":\"ImageObject\",\"inLanguage\":\"pt-BR\",\"@id\":\"https:\/\/sites.hostgrano.com.br\/designingsaude\/#\/schema\/logo\/image\/\",\"url\":\"https:\/\/sites.hostgrano.com.br\/designingsaude\/wp-content\/uploads\/sites\/7\/2021\/07\/logo.png\",\"contentUrl\":\"https:\/\/sites.hostgrano.com.br\/designingsaude\/wp-content\/uploads\/sites\/7\/2021\/07\/logo.png\",\"width\":396,\"height\":396,\"caption\":\"Designing Sa\u00fade\"},\"image\":{\"@id\":\"https:\/\/sites.hostgrano.com.br\/designingsaude\/#\/schema\/logo\/image\/\"},\"sameAs\":[\"https:\/\/web.facebook.com\/designingsaude?_rdc=1&amp;amp;amp;amp;amp;amp;amp;amp;amp;_rdr\",\"https:\/\/www.instagram.com\/designingsaude\/\",\"https:\/\/www.linkedin.com\/company\/designingsaude\/\",\"https:\/\/www.youtube.com\/channel\/UCkEWTeBDxcT22zzhv_l2YPg\"]}]}<\/script>\n<!-- \/ Yoast SEO plugin. -->","yoast_head_json":{"title":"V\u00eddeos - Designing Sa\u00fade","robots":{"index":"index","follow":"follow","max-snippet":"max-snippet:-1","max-image-preview":"max-image-preview:large","max-video-preview":"max-video-preview:-1"},"canonical":"https:\/\/sites.hostgrano.com.br\/designingsaude\/videos\/","og_locale":"pt_BR","og_type":"article","og_title":"V\u00eddeos - Designing Sa\u00fade","og_url":"https:\/\/sites.hostgrano.com.br\/designingsaude\/videos\/","og_site_name":"Designing Sa\u00fade","article_publisher":"https:\/\/web.facebook.com\/designingsaude?_rdc=1&amp%3bamp%3bamp%3bamp%3bamp%3bamp%3bamp%3bamp%3bamp%3b_rdr","article_modified_time":"2021-06-30T18:21:23+00:00","twitter_card":"summary_large_image","schema":{"@context":"https:\/\/schema.org","@graph":[{"@type":"WebPage","@id":"https:\/\/sites.hostgrano.com.br\/designingsaude\/videos\/","url":"https:\/\/sites.hostgrano.com.br\/designingsaude\/videos\/","name":"V\u00eddeos - Designing Sa\u00fade","isPartOf":{"@id":"https:\/\/sites.hostgrano.com.br\/designingsaude\/#website"},"datePublished":"2021-06-30T18:10:59+00:00","dateModified":"2021-06-30T18:21:23+00:00","breadcrumb":{"@id":"https:\/\/sites.hostgrano.com.br\/designingsaude\/videos\/#breadcrumb"},"inLanguage":"pt-BR","potentialAction":[{"@type":"ReadAction","target":["https:\/\/sites.hostgrano.com.br\/designingsaude\/videos\/"]}]},{"@type":"BreadcrumbList","@id":"https:\/\/sites.hostgrano.com.br\/designingsaude\/videos\/#breadcrumb","itemListElement":[{"@type":"ListItem","position":1,"name":"In\u00edcio","item":"https:\/\/sites.hostgrano.com.br\/designingsaude\/"},{"@type":"ListItem","position":2,"name":"V\u00eddeos"}]},{"@type":"WebSite","@id":"https:\/\/sites.hostgrano.com.br\/designingsaude\/#website","url":"https:\/\/sites.hostgrano.com.br\/designingsaude\/","name":"Designing Sa\u00fade","description":"Solu\u00e7\u00f5es em consultoria e gest\u00e3o de Sa\u00fade","publisher":{"@id":"https:\/\/sites.hostgrano.com.br\/designingsaude\/#organization"},"potentialAction":[{"@type":"SearchAction","target":{"@type":"EntryPoint","urlTemplate":"https:\/\/sites.hostgrano.com.br\/designingsaude\/?s={search_term_string}"},"query-input":"required name=search_term_string"}],"inLanguage":"pt-BR"},{"@type":"Organization","@id":"https:\/\/sites.hostgrano.com.br\/designingsaude\/#organization","name":"Designing Sa\u00fade","url":"https:\/\/sites.hostgrano.com.br\/designingsaude\/","logo":{"@type":"ImageObject","inLanguage":"pt-BR","@id":"https:\/\/sites.hostgrano.com.br\/designingsaude\/#\/schema\/logo\/image\/","url":"https:\/\/sites.hostgrano.com.br\/designingsaude\/wp-content\/uploads\/sites\/7\/2021\/07\/logo.png","contentUrl":"https:\/\/sites.hostgrano.com.br\/designingsaude\/wp-content\/uploads\/sites\/7\/2021\/07\/logo.png","width":396,"height":396,"caption":"Designing Sa\u00fade"},"image":{"@id":"https:\/\/sites.hostgrano.com.br\/designingsaude\/#\/schema\/logo\/image\/"},"sameAs":["https:\/\/web.facebook.com\/designingsaude?_rdc=1&amp;amp;amp;amp;amp;amp;amp;amp;amp;_rdr","https:\/\/www.instagram.com\/designingsaude\/","https:\/\/www.linkedin.com\/company\/designingsaude\/","https:\/\/www.youtube.com\/channel\/UCkEWTeBDxcT22zzhv_l2YPg"]}]}},"yoast_title":"V\u00eddeos - Designing Sa\u00fade","yoast_meta":[{"name":"robots","content":"index, follow, max-snippet:-1, max-image-preview:large, max-video-preview:-1"},{"property":"og:locale","content":"pt_BR"},{"property":"og:type","content":"article"},{"property":"og:title","content":"V\u00eddeos - Designing Sa\u00fade"},{"property":"og:url","content":"https:\/\/sites.hostgrano.com.br\/designingsaude\/videos\/"},{"property":"og:site_name","content":"Designing Sa\u00fade"},{"property":"article:publisher","content":"https:\/\/web.facebook.com\/designingsaude?_rdc=1&amp;amp%3bamp%3bamp%3bamp%3bamp%3bamp%3bamp%3bamp%3bamp%3b_rdr"},{"property":"article:modified_time","content":"2021-06-30T18:21:23+00:00"},{"name":"twitter:card","content":"summary_large_image"},{"name":"robots","content":"index, follow, max-image-preview:large, max-snippet:-1, max-video-preview:-1"}],"yoast_json_ld":[{"@context":"https:\/\/schema.org","@graph":[{"@type":"WebPage","@id":"https:\/\/sites.hostgrano.com.br\/designingsaude\/videos\/","url":"https:\/\/sites.hostgrano.com.br\/designingsaude\/videos\/","name":"V&iacute;deos - Designing Sa&uacute;de","isPartOf":{"@id":"https:\/\/sites.hostgrano.com.br\/designingsaude\/#website"},"datePublished":"2021-06-30T18:10:59+00:00","dateModified":"2021-06-30T18:21:23+00:00","breadcrumb":{"@id":"https:\/\/sites.hostgrano.com.br\/designingsaude\/videos\/#breadcrumb"},"inLanguage":"pt-BR","potentialAction":[{"@type":"ReadAction","target":["https:\/\/sites.hostgrano.com.br\/designingsaude\/videos\/"]}]},{"@type":"BreadcrumbList","@id":"https:\/\/sites.hostgrano.com.br\/designingsaude\/videos\/#breadcrumb","itemListElement":[{"@type":"ListItem","position":1,"name":"In&iacute;cio","item":"https:\/\/sites.hostgrano.com.br\/designingsaude\/"},{"@type":"ListItem","position":2,"name":"V&iacute;deos"}]},{"@type":"WebSite","@id":"https:\/\/sites.hostgrano.com.br\/designingsaude\/#website","url":"https:\/\/sites.hostgrano.com.br\/designingsaude\/","name":"Designing Sa&uacute;de","description":"Solu&ccedil;&otilde;es em consultoria e gest&atilde;o de Sa&uacute;de","publisher":{"@id":"https:\/\/sites.hostgrano.com.br\/designingsaude\/#organization"},"potentialAction":[{"@type":"SearchAction","target":{"@type":"EntryPoint","urlTemplate":"https:\/\/sites.hostgrano.com.br\/designingsaude\/?s={search_term_string}"},"query-input":"required name=search_term_string"}],"inLanguage":"pt-BR"},{"@type":"Organization","@id":"https:\/\/sites.hostgrano.com.br\/designingsaude\/#organization","name":"Designing Sa&uacute;de","url":"https:\/\/sites.hostgrano.com.br\/designingsaude\/","logo":{"@type":"ImageObject","inLanguage":"pt-BR","@id":"https:\/\/sites.hostgrano.com.br\/designingsaude\/#\/schema\/logo\/image\/","url":"https:\/\/sites.hostgrano.com.br\/designingsaude\/wp-content\/uploads\/sites\/7\/2021\/07\/logo.png","contentUrl":"https:\/\/sites.hostgrano.com.br\/designingsaude\/wp-content\/uploads\/sites\/7\/2021\/07\/logo.png","width":396,"height":396,"caption":"Designing Sa&uacute;de"},"image":{"@id":"https:\/\/sites.hostgrano.com.br\/designingsaude\/#\/schema\/logo\/image\/"},"sameAs":["https:\/\/web.facebook.com\/designingsaude?_rdc=1&amp;amp;amp;amp;amp;amp;amp;amp;amp;_rdr","https:\/\/www.instagram.com\/designingsaude\/","https:\/\/www.linkedin.com\/company\/designingsaude\/","https:\/\/www.youtube.com\/channel\/UCkEWTeBDxcT22zzhv_l2YPg"]}]}],"_links":{"self":[{"href":"https:\/\/sites.hostgrano.com.br\/designingsaude\/wp-json\/wp\/v2\/pages\/51"}],"collection":[{"href":"https:\/\/sites.hostgrano.com.br\/designingsaude\/wp-json\/wp\/v2\/pages"}],"about":[{"href":"https:\/\/sites.hostgrano.com.br\/designingsaude\/wp-json\/wp\/v2\/types\/page"}],"author":[{"embeddable":true,"href":"https:\/\/sites.hostgrano.com.br\/designingsaude\/wp-json\/wp\/v2\/users\/1025"}],"replies":[{"embeddable":true,"href":"https:\/\/sites.hostgrano.com.br\/designingsaude\/wp-json\/wp\/v2\/comments?post=51"}],"version-history":[{"count":2,"href":"https:\/\/sites.hostgrano.com.br\/designingsaude\/wp-json\/wp\/v2\/pages\/51\/revisions"}],"predecessor-version":[{"id":58,"href":"https:\/\/sites.hostgrano.com.br\/designingsaude\/wp-json\/wp\/v2\/pages\/51\/revisions\/58"}],"wp:attachment":[{"href":"https:\/\/sites.hostgrano.com.br\/designingsaude\/wp-json\/wp\/v2\/media?parent=51"}],"curies":[{"name":"wp","href":"https:\/\/api.w.org\/{rel}","templated":true}]}}